{"id":2081,"date":"2020-08-05T17:08:55","date_gmt":"2020-08-05T21:08:55","guid":{"rendered":"https:\/\/sites.generatepress.com\/ethos\/?page_id=2081"},"modified":"2026-01-08T10:53:19","modified_gmt":"2026-01-08T10:53:19","slug":"kontakt","status":"publish","type":"page","link":"https:\/\/bilderberg.club\/de\/contact\/","title":{"rendered":"Kontakt"},"content":{"rendered":"<div class=\"gb-element-hero-contact\">\n<div class=\"gb-element-hero-container\">\n<div class=\"gb-element-hero-content\">\n<p class=\"gb-text gb-text-hero-breadcrumb\"><a href=\"https:\/\/bilderberg.club\/de\/\" style=\"color:var(--accent);text-decoration:none;\">Bilderberg-Club<\/a> \/ Kontakt<\/p>\n\n\n\n<h1 class=\"gb-text gb-text-hero-h1\">Kontakt <mark class=\"gb-highlight\"><mark style=\"background-color:rgba(0, 0, 0, 0)\" class=\"has-inline-color has-accent-color\">Bilderberg-Club<\/mark><\/mark><\/h1>\n\n\n\n<p class=\"gb-text gb-text-hero-subtitle\">Haben Sie Fragen zur Bilderberg-Gruppe? M\u00f6chten Sie einen Fehler melden oder eine Verbesserung vorschlagen? Wir w\u00fcrden uns freuen, von Ihnen zu h\u00f6ren. F\u00fcllen Sie das untenstehende Formular aus und wir werden Ihnen so schnell wie m\u00f6glich antworten.<\/p>\n<\/div>\n<\/div>\n<\/div>\n\n\n\n<section class=\"gb-element-main-section\">\n<div class=\"gb-element-contact-grid\">\n<div class=\"gb-element-form-column\">\n<h2 class=\"gb-text gb-text-form-h2\">Senden Sie uns eine Nachricht<\/h2>\n\n\n\n<p class=\"gb-text gb-text-form-desc\">Bitte f\u00fcllen Sie das nachstehende Formular aus, um Ihre Anfrage zu stellen. Wir antworten in der Regel innerhalb von 24-48 Stunden an Werktagen.<\/p>\n\n\n\n<div class=\"gb-element-form-wrapper\">\n<div class=\"wp-block-contact-form-7-contact-form-selector\">\n<div class=\"wpcf7 no-js\" id=\"wpcf7-f48964-o1\" lang=\"en-US\" dir=\"ltr\" data-wpcf7-id=\"48964\">\n<div class=\"screen-reader-response\"><p role=\"status\" aria-live=\"polite\" aria-atomic=\"true\"><\/p> <ul><\/ul><\/div>\n<form action=\"\/de\/wp-json\/wp\/v2\/pages\/2081#wpcf7-f48964-o1\" method=\"post\" class=\"wpcf7-form init\" aria-label=\"Contact form\" novalidate=\"novalidate\" data-status=\"init\" data-trp-original-action=\"\/de\/wp-json\/wp\/v2\/pages\/2081#wpcf7-f48964-o1\">\n<fieldset class=\"hidden-fields-container\"><input type=\"hidden\" name=\"_wpcf7\" value=\"48964\" \/><input type=\"hidden\" name=\"_wpcf7_version\" value=\"6.1.5\" \/><input type=\"hidden\" name=\"_wpcf7_locale\" value=\"en_US\" \/><input type=\"hidden\" name=\"_wpcf7_unit_tag\" value=\"wpcf7-f48964-o1\" \/><input type=\"hidden\" name=\"_wpcf7_container_post\" value=\"0\" \/><input type=\"hidden\" name=\"_wpcf7_posted_data_hash\" value=\"\" \/>\n<\/fieldset>\n<p><label> Ihr Name<br \/>\n<span class=\"wpcf7-form-control-wrap\" data-name=\"your-name\"><input size=\"40\" maxlength=\"400\" class=\"wpcf7-form-control wpcf7-text wpcf7-validates-as-required\" autocomplete=\"name\" aria-required=\"true\" aria-invalid=\"false\" value=\"\" type=\"text\" name=\"your-name\" \/><\/span> <\/label>\n<\/p>\n<p><label> Deine E-Mail<br \/>\n<span class=\"wpcf7-form-control-wrap\" data-name=\"your-email\"><input size=\"40\" maxlength=\"400\" class=\"wpcf7-form-control wpcf7-email wpcf7-validates-as-required wpcf7-text wpcf7-validates-as-email\" autocomplete=\"email\" aria-required=\"true\" aria-invalid=\"false\" value=\"\" type=\"email\" name=\"your-email\" \/><\/span> <\/label>\n<\/p>\n<p><label> Thema<br \/>\n<span class=\"wpcf7-form-control-wrap\" data-name=\"your-subject\"><input size=\"40\" maxlength=\"400\" class=\"wpcf7-form-control wpcf7-text wpcf7-validates-as-required\" aria-required=\"true\" aria-invalid=\"false\" value=\"\" type=\"text\" name=\"your-subject\" \/><\/span> <\/label>\n<\/p>\n<p><label> Ihre Nachricht (optional)<br \/>\n<span class=\"wpcf7-form-control-wrap\" data-name=\"your-message\"><textarea cols=\"40\" rows=\"10\" maxlength=\"2000\" class=\"wpcf7-form-control wpcf7-textarea\" aria-invalid=\"false\" name=\"your-message\"><\/textarea><\/span> <\/label>\n<\/p>\n<p><input class=\"wpcf7-form-control wpcf7-submit has-spinner\" type=\"submit\" value=\"Einreichen\" \/>\n<\/p>\n<div class=\"g-recaptcha-wrap\" style=\"padding:10px 0 10px 0\">\n\t<div  class=\"g-recaptcha\" data-sitekey=\"6LcfAkQsAAAAAMiJueIgXxCVaIeC2eY-wxMdM7mx\">\n\t<\/div>\n<\/div>\n<p><span class='wpcf7-form-control-wrap' data-name='aiowps-captcha'><\/span>\n<\/p><div class=\"wpcf7-response-output\" aria-hidden=\"true\"><\/div>\n<input type=\"hidden\" name=\"trp-form-language\" value=\"de\"\/><\/form>\n<\/div>\n<\/div>\n<\/div>\n<\/div>\n\n\n\n<div class=\"gb-element-info-column\">\n<div class=\"gb-element-info-box\">\n<h3 class=\"gb-text gb-text-info-title\">Bevor Sie uns kontaktieren<\/h3>\n\n\n\n<p class=\"gb-text gb-text-info-text\">Viele h\u00e4ufige Fragen werden bereits in unseren umfassenden Ressourcen beantwortet:<\/p>\n\n\n\n<div class=\"gb-element-links-list\">\n<a class=\"gb-text gb-text-link-1\" href=\"https:\/\/bilderberg.club\/de\/faq\/\">\u2753 H\u00e4ufig gestellte Fragen<\/a>\n\n\n\n<a class=\"gb-text gb-text-link-2\" href=\"https:\/\/bilderberg.club\/de\/was-ist-bilderberg\/\">\ud83d\udcd6 Was ist Bilderberg?<\/a>\n\n\n\n<a class=\"gb-text gb-text-link-3\" href=\"https:\/\/bilderberg.club\/de\/mitglieder\/\">\ud83d\udc65 Bilderberg-Mitglieder<\/a>\n\n\n\n<a class=\"gb-text gb-text-link-4\" href=\"https:\/\/bilderberg.club\/de\/treffen\/\">\ud83d\udcc5 Alle Sitzungen<\/a>\n<\/div>\n<\/div>\n\n\n\n<div class=\"gb-element-notice-box\">\n<h4 class=\"gb-text gb-text-notice-title\">\u26a0\ufe0f Wichtiger Hinweis<\/h4>\n\n\n\n<p class=\"gb-text gb-text-notice-text\">Diese Website ist eine unabh\u00e4ngige Informationsquelle und wird <strong>nicht angegliedert<\/strong> mit der offiziellen Bilderberg-Organisation. Wir k\u00f6nnen keine Teilnahmeantr\u00e4ge unterst\u00fctzen oder direkten Kontakt zu Bilderberg-Vertretern herstellen.<\/p>\n<\/div>\n\n\n\n<div class=\"gb-element-topics-box\">\n<h4 class=\"gb-text gb-text-topics-title\">Wir k\u00f6nnen helfen:<\/h4>\n\n\n\n<div class=\"gb-element-topics-list\">\n<p class=\"gb-text gb-text-topic-1\">\u2705 Fragen zur Geschichte und den Fakten der Bilderberger<\/p>\n\n\n\n<p class=\"gb-text gb-text-topic-2\">\u2705 Korrekturen von Teilnehmer- oder Besprechungsdaten<\/p>\n\n\n\n<p class=\"gb-text gb-text-topic-3\">\u2705 Feedback und Vorschl\u00e4ge zur Website<\/p>\n\n\n\n<p class=\"gb-text gb-text-topic-4\">\u2705 Medien- und Presseanfragen<\/p>\n\n\n\n<p class=\"gb-text gb-text-topic-5\">\u2705 M\u00f6glichkeiten der Partnerschaft<\/p>\n<\/div>\n<\/div>\n<\/div>\n<\/div>\n<\/section>\n\n\n\n<section class=\"gb-element-info-section\">\n<div class=\"gb-element-info-container\">\n<h2 class=\"gb-text gb-text-info-h2\">\u00dcber dieses <mark class=\"gb-highlight\"><mark style=\"background-color:rgba(0, 0, 0, 0)\" class=\"has-inline-color has-accent-color\">Website<\/mark><\/mark><\/h2>\n\n\n\n<p class=\"gb-text gb-text-info-intro\"><a href=\"https:\/\/bilderberg.club\/de\/\">Bilderberg.club<\/a> ist eine unabh\u00e4ngige Informationsquelle, die sich zum Ziel gesetzt hat, genaue und sachliche Informationen \u00fcber die Bilderberg-Gruppe bereitzustellen. Unser Ziel ist es, Fakten von Fiktion zu trennen und eine umfassende Referenz f\u00fcr Forscher, Journalisten und Neugierige zu bieten.<\/p>\n\n\n\n<div class=\"gb-element-cards-grid\">\n<div class=\"gb-element-card-1\">\n<p class=\"gb-text gb-text-c1-icon\">\ud83d\udcda<\/p>\n\n\n\n<h3 class=\"gb-text gb-text-c1-title\">Umfassende Datenbank<\/h3>\n\n\n\n<p class=\"gb-text gb-text-c1-desc\">71 Jahre <a href=\"https:\/\/bilderberg.club\/de\/treffen\/\">Treffen<\/a>, Tausende von <a href=\"https:\/\/bilderberg.club\/de\/mitglieder\/\">Teilnehmer<\/a>, und vollst\u00e4ndig <a href=\"https:\/\/bilderberg.club\/de\/tagesordnung\/\">Tagesordnung<\/a> Archive.<\/p>\n<\/div>\n\n\n\n<div class=\"gb-element-card-2\">\n<p class=\"gb-text gb-text-c2-icon\">\u2705<\/p>\n\n\n\n<h3 class=\"gb-text gb-text-c2-title\">Faktenbasierter Inhalt<\/h3>\n\n\n\n<p class=\"gb-text gb-text-c2-desc\">Alle Informationen stammen aus offiziellen Aufzeichnungen, historischen Dokumenten und verifizierten Berichten.<\/p>\n<\/div>\n\n\n\n<div class=\"gb-element-card-3\">\n<p class=\"gb-text gb-text-c3-icon\">\ud83d\udd04<\/p>\n\n\n\n<h3 class=\"gb-text gb-text-c3-title\">Regelm\u00e4\u00dfig aktualisiert<\/h3>\n\n\n\n<p class=\"gb-text gb-text-c3-desc\">Jedes Jahr kommen neue Informationen zu den Treffen hinzu, und die historischen Daten werden st\u00e4ndig erweitert.<\/p>\n<\/div>\n<\/div>\n<\/div>\n<\/section>\n\n\n\n<section class=\"gb-element-response-section\">\n<div class=\"gb-element-response-container\">\n<h2 class=\"gb-text gb-text-response-h2\">Was zu erwarten ist<\/h2>\n\n\n\n<div class=\"gb-element-timeline\">\n<div class=\"gb-element-step-1\">\n<div class=\"gb-element-s1-num\">1<\/div>\n\n\n\n<div class=\"gb-element-s1-content\">\n<h4 class=\"gb-text gb-text-s1-title\">Senden Sie Ihre Nachricht<\/h4>\n\n\n\n<p class=\"gb-text gb-text-s1-desc\">F\u00fcllen Sie das Kontaktformular mit Ihrem Namen, Ihrer E-Mail-Adresse und einer ausf\u00fchrlichen Nachricht aus. Je genauer Ihre Frage ist, desto besser k\u00f6nnen wir Ihnen helfen.<\/p>\n<\/div>\n<\/div>\n\n\n\n<div class=\"gb-element-step-2\">\n<div class=\"gb-element-s2-num\">2<\/div>\n\n\n\n<div class=\"gb-element-s2-content\">\n<h4 class=\"gb-text gb-text-s2-title\">Wir pr\u00fcfen Ihre Anfrage<\/h4>\n\n\n\n<p class=\"gb-text gb-text-s2-desc\">Unser Team pr\u00fcft alle Nachrichten und recherchiert bei Bedarf Ihre Frage. Wir legen bei jeder Antwort Wert auf Genauigkeit und Gr\u00fcndlichkeit.<\/p>\n<\/div>\n<\/div>\n\n\n\n<div class=\"gb-element-step-3\">\n<div class=\"gb-element-s3-num\">3<\/div>\n\n\n\n<div class=\"gb-element-s3-content\">\n<h4 class=\"gb-text gb-text-s3-title\">Erhalten Sie Ihre Antwort<\/h4>\n\n\n\n<p class=\"gb-text gb-text-s3-desc\">An Werktagen erhalten Sie innerhalb von 24-48 Stunden eine ausf\u00fchrliche Antwort per E-Mail. Komplexe Anfragen k\u00f6nnen etwas l\u00e4nger dauern.<\/p>\n<\/div>\n<\/div>\n<\/div>\n<\/div>\n<\/section>\n\n\n\n<section class=\"gb-element-cta-section\">\n<div class=\"gb-element-cta-container\">\n<h2 class=\"gb-text gb-text-cta-h2\">Erfahren Sie mehr \u00fcber Bilderberg<\/h2>\n\n\n\n<p class=\"gb-text gb-text-cta-desc\">W\u00e4hrend Sie auf unsere Antwort warten, k\u00f6nnen Sie sich in unseren umfassenden Ressourcen \u00fcber die <a href=\"https:\/\/bilderberg.club\/de\/\" style=\"color:var(--accent)\">Bilderberg-Gruppe<\/a>. Entdecken Sie die <a href=\"https:\/\/bilderberg.club\/de\/bilderberg-geschichte\/\" style=\"color:var(--accent)\">vollst\u00e4ndige Geschichte<\/a>, bl\u00e4ttern <a href=\"https:\/\/bilderberg.club\/de\/treffen\/\" style=\"color:var(--accent)\">Sitzungsarchiv<\/a>, oder erfahren Sie mehr \u00fcber <a href=\"https:\/\/bilderberg.club\/de\/mitglieder\/\" style=\"color:var(--accent)\">namhafte Teilnehmer<\/a>.<\/p>\n\n\n\n<div class=\"gb-element-cta-buttons\">\n<a class=\"gb-text gb-text-cta-btn-1\" href=\"https:\/\/bilderberg.club\/de\/\">Bilderberg Startseite<\/a>\n\n\n\n<a class=\"gb-text gb-text-cta-btn-2\" href=\"https:\/\/bilderberg.club\/de\/faq\/\">FAQ durchsuchen<\/a>\n\n\n\n<a class=\"gb-text gb-text-cta-btn-3\" href=\"https:\/\/bilderberg.club\/de\/was-ist-bilderberg\/\">Was ist Bilderberg?<\/a>\n<\/div>\n<\/div>\n<\/section>","protected":false},"excerpt":{"rendered":"<p> ... <a title=\"Kontakt\" class=\"read-more\" href=\"https:\/\/bilderberg.club\/de\/contact\/\" aria-label=\"Mehr Informationen \u00fcber Contact\">Mehr lesen<\/a><\/p>","protected":false},"author":1,"featured_media":0,"parent":0,"menu_order":0,"comment_status":"closed","ping_status":"closed","template":"","meta":{"footnotes":""},"class_list":["post-2081","page","type-page","status-publish"],"yoast_head":"<!-- This site is optimized with the Yoast SEO plugin v27.4 - https:\/\/yoast.com\/product\/yoast-seo-wordpress\/ -->\n<title>Contact<\/title>\n<meta name=\"robots\" content=\"index, follow, max-snippet:-1, max-image-preview:large, max-video-preview:-1\" \/>\n<link rel=\"canonical\" href=\"https:\/\/bilderberg.club\/de\/kontakt\/\" \/>\n<meta property=\"og:locale\" content=\"de_DE\" \/>\n<meta property=\"og:type\" content=\"article\" \/>\n<meta property=\"og:title\" content=\"Contact\" \/>\n<meta property=\"og:description\" content=\"... Read More\" \/>\n<meta property=\"og:url\" content=\"https:\/\/bilderberg.club\/de\/kontakt\/\" \/>\n<meta property=\"og:site_name\" content=\"Bilderberg.club\" \/>\n<meta property=\"article:modified_time\" content=\"2026-01-08T10:53:19+00:00\" \/>\n<meta name=\"twitter:card\" content=\"summary_large_image\" \/>\n<meta name=\"twitter:label1\" content=\"Gesch\u00e4tzte Lesezeit\" \/>\n\t<meta name=\"twitter:data1\" content=\"2\u00a0Minuten\" \/>\n<script type=\"application\/ld+json\" class=\"yoast-schema-graph\">{\"@context\":\"https:\\\/\\\/schema.org\",\"@graph\":[{\"@type\":\"WebPage\",\"@id\":\"https:\\\/\\\/bilderberg.club\\\/contact\\\/\",\"url\":\"https:\\\/\\\/bilderberg.club\\\/contact\\\/\",\"name\":\"Contact\",\"isPartOf\":{\"@id\":\"https:\\\/\\\/bilderberg.club\\\/#website\"},\"datePublished\":\"2020-08-05T21:08:55+00:00\",\"dateModified\":\"2026-01-08T10:53:19+00:00\",\"breadcrumb\":{\"@id\":\"https:\\\/\\\/bilderberg.club\\\/contact\\\/#breadcrumb\"},\"inLanguage\":\"de\",\"potentialAction\":[{\"@type\":\"ReadAction\",\"target\":[\"https:\\\/\\\/bilderberg.club\\\/contact\\\/\"]}]},{\"@type\":\"BreadcrumbList\",\"@id\":\"https:\\\/\\\/bilderberg.club\\\/contact\\\/#breadcrumb\",\"itemListElement\":[{\"@type\":\"ListItem\",\"position\":1,\"name\":\"Home\",\"item\":\"https:\\\/\\\/bilderberg.club\\\/\"},{\"@type\":\"ListItem\",\"position\":2,\"name\":\"Contact\"}]},{\"@type\":\"WebSite\",\"@id\":\"https:\\\/\\\/bilderberg.club\\\/#website\",\"url\":\"https:\\\/\\\/bilderberg.club\\\/\",\"name\":\"Bilderberg.club\",\"description\":\"\",\"publisher\":{\"@id\":\"https:\\\/\\\/bilderberg.club\\\/#organization\"},\"potentialAction\":[{\"@type\":\"SearchAction\",\"target\":{\"@type\":\"EntryPoint\",\"urlTemplate\":\"https:\\\/\\\/bilderberg.club\\\/?s={search_term_string}\"},\"query-input\":{\"@type\":\"PropertyValueSpecification\",\"valueRequired\":true,\"valueName\":\"search_term_string\"}}],\"inLanguage\":\"de\"},{\"@type\":\"Organization\",\"@id\":\"https:\\\/\\\/bilderberg.club\\\/#organization\",\"name\":\"Bilderberg.club\",\"url\":\"https:\\\/\\\/bilderberg.club\\\/\",\"logo\":{\"@type\":\"ImageObject\",\"inLanguage\":\"de\",\"@id\":\"https:\\\/\\\/bilderberg.club\\\/#\\\/schema\\\/logo\\\/image\\\/\",\"url\":\"https:\\\/\\\/bilderberg.club\\\/wp-content\\\/uploads\\\/2026\\\/01\\\/cropped-Logo-3.png\",\"contentUrl\":\"https:\\\/\\\/bilderberg.club\\\/wp-content\\\/uploads\\\/2026\\\/01\\\/cropped-Logo-3.png\",\"width\":1278,\"height\":345,\"caption\":\"Bilderberg.club\"},\"image\":{\"@id\":\"https:\\\/\\\/bilderberg.club\\\/#\\\/schema\\\/logo\\\/image\\\/\"}}]}<\/script>\n<!-- \/ Yoast SEO plugin. -->","yoast_head_json":{"title":"Kontakt","robots":{"index":"index","follow":"follow","max-snippet":"max-snippet:-1","max-image-preview":"max-image-preview:large","max-video-preview":"max-video-preview:-1"},"canonical":"https:\/\/bilderberg.club\/de\/kontakt\/","og_locale":"de_DE","og_type":"article","og_title":"Contact","og_description":"... Read More","og_url":"https:\/\/bilderberg.club\/de\/kontakt\/","og_site_name":"Bilderberg.club","article_modified_time":"2026-01-08T10:53:19+00:00","twitter_card":"summary_large_image","twitter_misc":{"Gesch\u00e4tzte Lesezeit":"2\u00a0Minuten"},"schema":{"@context":"https:\/\/schema.org","@graph":[{"@type":"WebPage","@id":"https:\/\/bilderberg.club\/contact\/","url":"https:\/\/bilderberg.club\/contact\/","name":"Kontakt","isPartOf":{"@id":"https:\/\/bilderberg.club\/#website"},"datePublished":"2020-08-05T21:08:55+00:00","dateModified":"2026-01-08T10:53:19+00:00","breadcrumb":{"@id":"https:\/\/bilderberg.club\/contact\/#breadcrumb"},"inLanguage":"de","potentialAction":[{"@type":"ReadAction","target":["https:\/\/bilderberg.club\/contact\/"]}]},{"@type":"BreadcrumbList","@id":"https:\/\/bilderberg.club\/contact\/#breadcrumb","itemListElement":[{"@type":"ListItem","position":1,"name":"Home","item":"https:\/\/bilderberg.club\/"},{"@type":"ListItem","position":2,"name":"Contact"}]},{"@type":"WebSite","@id":"https:\/\/bilderberg.club\/#website","url":"https:\/\/bilderberg.club\/","name":"Bilderberg.club","description":"","publisher":{"@id":"https:\/\/bilderberg.club\/#organization"},"potentialAction":[{"@type":"SearchAction","target":{"@type":"EntryPoint","urlTemplate":"https:\/\/bilderberg.club\/?s={search_term_string}"},"query-input":{"@type":"PropertyValueSpecification","valueRequired":true,"valueName":"search_term_string"}}],"inLanguage":"de"},{"@type":"Organization","@id":"https:\/\/bilderberg.club\/#organization","name":"Bilderberg.club","url":"https:\/\/bilderberg.club\/","logo":{"@type":"ImageObject","inLanguage":"de","@id":"https:\/\/bilderberg.club\/#\/schema\/logo\/image\/","url":"https:\/\/bilderberg.club\/wp-content\/uploads\/2026\/01\/cropped-Logo-3.png","contentUrl":"https:\/\/bilderberg.club\/wp-content\/uploads\/2026\/01\/cropped-Logo-3.png","width":1278,"height":345,"caption":"Bilderberg.club"},"image":{"@id":"https:\/\/bilderberg.club\/#\/schema\/logo\/image\/"}}]}},"_links":{"self":[{"href":"https:\/\/bilderberg.club\/de\/wp-json\/wp\/v2\/pages\/2081","targetHints":{"allow":["GET"]}}],"collection":[{"href":"https:\/\/bilderberg.club\/de\/wp-json\/wp\/v2\/pages"}],"about":[{"href":"https:\/\/bilderberg.club\/de\/wp-json\/wp\/v2\/types\/page"}],"author":[{"embeddable":true,"href":"https:\/\/bilderberg.club\/de\/wp-json\/wp\/v2\/users\/1"}],"replies":[{"embeddable":true,"href":"https:\/\/bilderberg.club\/de\/wp-json\/wp\/v2\/comments?post=2081"}],"version-history":[{"count":0,"href":"https:\/\/bilderberg.club\/de\/wp-json\/wp\/v2\/pages\/2081\/revisions"}],"wp:attachment":[{"href":"https:\/\/bilderberg.club\/de\/wp-json\/wp\/v2\/media?parent=2081"}],"curies":[{"name":"wp","href":"https:\/\/api.w.org\/{rel}","templated":true}]}}