{"id":2081,"date":"2020-08-05T17:08:55","date_gmt":"2020-08-05T21:08:55","guid":{"rendered":"https:\/\/sites.generatepress.com\/ethos\/?page_id=2081"},"modified":"2026-01-08T10:53:19","modified_gmt":"2026-01-08T10:53:19","slug":"pongase-en-contacto-con","status":"publish","type":"page","link":"https:\/\/bilderberg.club\/es\/contact\/","title":{"rendered":"P\u00f3ngase en contacto con"},"content":{"rendered":"<div class=\"gb-element-hero-contact\">\n<div class=\"gb-element-hero-container\">\n<div class=\"gb-element-hero-content\">\n<p class=\"gb-text gb-text-hero-breadcrumb\"><a href=\"https:\/\/bilderberg.club\/es\/\" style=\"color:var(--accent);text-decoration:none;\">Club Bilderberg<\/a> \/ Contacto<\/p>\n\n\n\n<h1 class=\"gb-text gb-text-hero-h1\">P\u00f3ngase en contacto con <mark class=\"gb-highlight\"><mark style=\"background-color:rgba(0, 0, 0, 0)\" class=\"has-inline-color has-accent-color\">Club Bilderberg<\/mark><\/mark><\/h1>\n\n\n\n<p class=\"gb-text gb-text-hero-subtitle\">\u00bfTiene preguntas sobre el Grupo Bilderberg? \u00bfQuiere informar de un error o sugerir una mejora? Nos encantar\u00eda conocer su opini\u00f3n. Rellene el siguiente formulario y le responderemos lo antes posible.<\/p>\n<\/div>\n<\/div>\n<\/div>\n\n\n\n<section class=\"gb-element-main-section\">\n<div class=\"gb-element-contact-grid\">\n<div class=\"gb-element-form-column\">\n<h2 class=\"gb-text gb-text-form-h2\">Env\u00edenos un mensaje<\/h2>\n\n\n\n<p class=\"gb-text gb-text-form-desc\">Rellene el siguiente formulario con su consulta. Normalmente respondemos en 24-48 horas durante los d\u00edas laborables.<\/p>\n\n\n\n<div class=\"gb-element-form-wrapper\">\n<div class=\"wp-block-contact-form-7-contact-form-selector\">\n<div class=\"wpcf7 no-js\" id=\"wpcf7-f48964-o1\" lang=\"en-US\" dir=\"ltr\" data-wpcf7-id=\"48964\">\n<div class=\"screen-reader-response\"><p role=\"status\" aria-live=\"polite\" aria-atomic=\"true\"><\/p> <ul><\/ul><\/div>\n<form action=\"\/es\/wp-json\/wp\/v2\/pages\/2081#wpcf7-f48964-o1\" method=\"post\" class=\"wpcf7-form init\" aria-label=\"Contact form\" novalidate=\"novalidate\" data-status=\"init\" data-trp-original-action=\"\/es\/wp-json\/wp\/v2\/pages\/2081#wpcf7-f48964-o1\">\n<fieldset class=\"hidden-fields-container\"><input type=\"hidden\" name=\"_wpcf7\" value=\"48964\" \/><input type=\"hidden\" name=\"_wpcf7_version\" value=\"6.1.5\" \/><input type=\"hidden\" name=\"_wpcf7_locale\" value=\"en_US\" \/><input type=\"hidden\" name=\"_wpcf7_unit_tag\" value=\"wpcf7-f48964-o1\" \/><input type=\"hidden\" name=\"_wpcf7_container_post\" value=\"0\" \/><input type=\"hidden\" name=\"_wpcf7_posted_data_hash\" value=\"\" \/>\n<\/fieldset>\n<p><label> Su nombre<br \/>\n<span class=\"wpcf7-form-control-wrap\" data-name=\"your-name\"><input size=\"40\" maxlength=\"400\" class=\"wpcf7-form-control wpcf7-text wpcf7-validates-as-required\" autocomplete=\"name\" aria-required=\"true\" aria-invalid=\"false\" value=\"\" type=\"text\" name=\"your-name\" \/><\/span> <\/label>\n<\/p>\n<p><label> Tu correo electr\u00f3nico<br \/>\n<span class=\"wpcf7-form-control-wrap\" data-name=\"your-email\"><input size=\"40\" maxlength=\"400\" class=\"wpcf7-form-control wpcf7-email wpcf7-validates-as-required wpcf7-text wpcf7-validates-as-email\" autocomplete=\"email\" aria-required=\"true\" aria-invalid=\"false\" value=\"\" type=\"email\" name=\"your-email\" \/><\/span> <\/label>\n<\/p>\n<p><label> Asunto<br \/>\n<span class=\"wpcf7-form-control-wrap\" data-name=\"your-subject\"><input size=\"40\" maxlength=\"400\" class=\"wpcf7-form-control wpcf7-text wpcf7-validates-as-required\" aria-required=\"true\" aria-invalid=\"false\" value=\"\" type=\"text\" name=\"your-subject\" \/><\/span> <\/label>\n<\/p>\n<p><label> Su mensaje (opcional)<br \/>\n<span class=\"wpcf7-form-control-wrap\" data-name=\"your-message\"><textarea cols=\"40\" rows=\"10\" maxlength=\"2000\" class=\"wpcf7-form-control wpcf7-textarea\" aria-invalid=\"false\" name=\"your-message\"><\/textarea><\/span> <\/label>\n<\/p>\n<p><input class=\"wpcf7-form-control wpcf7-submit has-spinner\" type=\"submit\" value=\"Enviar\" \/>\n<\/p>\n<div class=\"g-recaptcha-wrap\" style=\"padding:10px 0 10px 0\">\n\t<div  class=\"g-recaptcha\" data-sitekey=\"6LcfAkQsAAAAAMiJueIgXxCVaIeC2eY-wxMdM7mx\">\n\t<\/div>\n<\/div>\n<p><span class='wpcf7-form-control-wrap' data-name='aiowps-captcha'><\/span>\n<\/p><div class=\"wpcf7-response-output\" aria-hidden=\"true\"><\/div>\n<input type=\"hidden\" name=\"trp-form-language\" value=\"es\"\/><\/form>\n<\/div>\n<\/div>\n<\/div>\n<\/div>\n\n\n\n<div class=\"gb-element-info-column\">\n<div class=\"gb-element-info-box\">\n<h3 class=\"gb-text gb-text-info-title\">Antes de ponerse en contacto con nosotros<\/h3>\n\n\n\n<p class=\"gb-text gb-text-info-text\">Muchas preguntas habituales ya tienen respuesta en nuestros completos recursos:<\/p>\n\n\n\n<div class=\"gb-element-links-list\">\n<a class=\"gb-text gb-text-link-1\" href=\"https:\/\/bilderberg.club\/es\/faq\/\">Preguntas frecuentes<\/a>\n\n\n\n<a class=\"gb-text gb-text-link-2\" href=\"https:\/\/bilderberg.club\/es\/que-es-bilderberg\/\">\ud83d\udcd6 \u00bfQu\u00e9 es Bilderberg?<\/a>\n\n\n\n<a class=\"gb-text gb-text-link-3\" href=\"https:\/\/bilderberg.club\/es\/miembros\/\">\ud83d\udc65 Miembros de Bilderberg<\/a>\n\n\n\n<a class=\"gb-text gb-text-link-4\" href=\"https:\/\/bilderberg.club\/es\/reuniones\/\">Todas las reuniones<\/a>\n<\/div>\n<\/div>\n\n\n\n<div class=\"gb-element-notice-box\">\n<h4 class=\"gb-text gb-text-notice-title\">\u26a0\ufe0f Aviso importante<\/h4>\n\n\n\n<p class=\"gb-text gb-text-notice-text\">Este sitio web es un recurso informativo independiente y es <strong>no afiliado<\/strong> con la organizaci\u00f3n oficial de Bilderberg. No podemos facilitar solicitudes de asistencia ni proporcionar contacto directo con los responsables de Bilderberg.<\/p>\n<\/div>\n\n\n\n<div class=\"gb-element-topics-box\">\n<h4 class=\"gb-text gb-text-topics-title\">Podemos ayudarle con:<\/h4>\n\n\n\n<div class=\"gb-element-topics-list\">\n<p class=\"gb-text gb-text-topic-1\">\u2705 Preguntas sobre la historia y los hechos de Bilderberg<\/p>\n\n\n\n<p class=\"gb-text gb-text-topic-2\">\u2705 Correcciones de datos de participantes o reuniones<\/p>\n\n\n\n<p class=\"gb-text gb-text-topic-3\">\u2705 Comentarios y sugerencias sobre el sitio web<\/p>\n\n\n\n<p class=\"gb-text gb-text-topic-4\">\u2705 Consultas de prensa y medios de comunicaci\u00f3n<\/p>\n\n\n\n<p class=\"gb-text gb-text-topic-5\">Oportunidades de asociaci\u00f3n<\/p>\n<\/div>\n<\/div>\n<\/div>\n<\/div>\n<\/section>\n\n\n\n<section class=\"gb-element-info-section\">\n<div class=\"gb-element-info-container\">\n<h2 class=\"gb-text gb-text-info-h2\">Acerca de <mark class=\"gb-highlight\"><mark style=\"background-color:rgba(0, 0, 0, 0)\" class=\"has-inline-color has-accent-color\">P\u00e1gina web<\/mark><\/mark><\/h2>\n\n\n\n<p class=\"gb-text gb-text-info-intro\"><a href=\"https:\/\/bilderberg.club\/es\/\">Bilderberg.club<\/a> es un recurso informativo independiente dedicado a proporcionar informaci\u00f3n precisa y objetiva sobre el Grupo Bilderberg. Nuestro objetivo es separar la realidad de la ficci\u00f3n y ofrecer una referencia exhaustiva para investigadores, periodistas y mentes curiosas.<\/p>\n\n\n\n<div class=\"gb-element-cards-grid\">\n<div class=\"gb-element-card-1\">\n<p class=\"gb-text gb-text-c1-icon\">\ud83d\udcda<\/p>\n\n\n\n<h3 class=\"gb-text gb-text-c1-title\">Base de datos completa<\/h3>\n\n\n\n<p class=\"gb-text gb-text-c1-desc\">71 a\u00f1os de <a href=\"https:\/\/bilderberg.club\/es\/reuniones\/\">reuniones<\/a>, miles de <a href=\"https:\/\/bilderberg.club\/es\/miembros\/\">participantes<\/a>, y completa <a href=\"https:\/\/bilderberg.club\/es\/agenda\/\">agenda<\/a> archivos.<\/p>\n<\/div>\n\n\n\n<div class=\"gb-element-card-2\">\n<p class=\"gb-text gb-text-c2-icon\">\u2705<\/p>\n\n\n\n<h3 class=\"gb-text gb-text-c2-title\">Contenidos basados en hechos<\/h3>\n\n\n\n<p class=\"gb-text gb-text-c2-desc\">Toda la informaci\u00f3n procede de registros oficiales, documentos hist\u00f3ricos e informes verificados.<\/p>\n<\/div>\n\n\n\n<div class=\"gb-element-card-3\">\n<p class=\"gb-text gb-text-c3-icon\">\ud83d\udd04<\/p>\n\n\n\n<h3 class=\"gb-text gb-text-c3-title\">Actualizaciones peri\u00f3dicas<\/h3>\n\n\n\n<p class=\"gb-text gb-text-c3-desc\">Cada a\u00f1o se a\u00f1ade nueva informaci\u00f3n sobre las reuniones y se ampl\u00edan continuamente los datos hist\u00f3ricos.<\/p>\n<\/div>\n<\/div>\n<\/div>\n<\/section>\n\n\n\n<section class=\"gb-element-response-section\">\n<div class=\"gb-element-response-container\">\n<h2 class=\"gb-text gb-text-response-h2\">Qu\u00e9 esperar<\/h2>\n\n\n\n<div class=\"gb-element-timeline\">\n<div class=\"gb-element-step-1\">\n<div class=\"gb-element-s1-num\">1<\/div>\n\n\n\n<div class=\"gb-element-s1-content\">\n<h4 class=\"gb-text gb-text-s1-title\">Env\u00ede su mensaje<\/h4>\n\n\n\n<p class=\"gb-text gb-text-s1-desc\">Rellene el formulario de contacto con su nombre, correo electr\u00f3nico y un mensaje detallado. Cuanto m\u00e1s espec\u00edfica sea su pregunta, mejor podremos ayudarle.<\/p>\n<\/div>\n<\/div>\n\n\n\n<div class=\"gb-element-step-2\">\n<div class=\"gb-element-s2-num\">2<\/div>\n\n\n\n<div class=\"gb-element-s2-content\">\n<h4 class=\"gb-text gb-text-s2-title\">Revisamos su consulta<\/h4>\n\n\n\n<p class=\"gb-text gb-text-s2-desc\">Nuestro equipo revisa todos los mensajes e investiga su pregunta si es necesario. Priorizamos la precisi\u00f3n y el rigor en cada respuesta.<\/p>\n<\/div>\n<\/div>\n\n\n\n<div class=\"gb-element-step-3\">\n<div class=\"gb-element-s3-num\">3<\/div>\n\n\n\n<div class=\"gb-element-s3-content\">\n<h4 class=\"gb-text gb-text-s3-title\">Recibir su respuesta<\/h4>\n\n\n\n<p class=\"gb-text gb-text-s3-desc\">Recibir\u00e1 una respuesta detallada por correo electr\u00f3nico en 24-48 horas durante los d\u00edas laborables. Las consultas complejas pueden tardar un poco m\u00e1s.<\/p>\n<\/div>\n<\/div>\n<\/div>\n<\/div>\n<\/section>\n\n\n\n<section class=\"gb-element-cta-section\">\n<div class=\"gb-element-cta-container\">\n<h2 class=\"gb-text gb-text-cta-h2\">M\u00e1s informaci\u00f3n sobre Bilderberg<\/h2>\n\n\n\n<p class=\"gb-text gb-text-cta-desc\">Mientras espera nuestra respuesta, explore nuestros completos recursos sobre el <a href=\"https:\/\/bilderberg.club\/es\/\" style=\"color:var(--accent)\">Grupo Bilderberg<\/a>. Descubre la <a href=\"https:\/\/bilderberg.club\/es\/historia-de-bilderberg\/\" style=\"color:var(--accent)\">historial completo<\/a>, navegar <a href=\"https:\/\/bilderberg.club\/es\/reuniones\/\" style=\"color:var(--accent)\">archivos de reuniones<\/a>, o inf\u00f3rmese sobre <a href=\"https:\/\/bilderberg.club\/es\/miembros\/\" style=\"color:var(--accent)\">participantes destacados<\/a>.<\/p>\n\n\n\n<div class=\"gb-element-cta-buttons\">\n<a class=\"gb-text gb-text-cta-btn-1\" href=\"https:\/\/bilderberg.club\/es\/\">P\u00e1gina principal de Bilderberg<\/a>\n\n\n\n<a class=\"gb-text gb-text-cta-btn-2\" href=\"https:\/\/bilderberg.club\/es\/faq\/\">Examinar las FAQ<\/a>\n\n\n\n<a class=\"gb-text gb-text-cta-btn-3\" href=\"https:\/\/bilderberg.club\/es\/que-es-bilderberg\/\">\u00bfQu\u00e9 es Bilderberg?<\/a>\n<\/div>\n<\/div>\n<\/section>","protected":false},"excerpt":{"rendered":"<p> ... <a title=\"P\u00f3ngase en contacto con\" class=\"read-more\" href=\"https:\/\/bilderberg.club\/es\/contact\/\" aria-label=\"Leer m\u00e1s sobre Contact\">Seguir leyendo<\/a><\/p>","protected":false},"author":1,"featured_media":0,"parent":0,"menu_order":0,"comment_status":"closed","ping_status":"closed","template":"","meta":{"footnotes":""},"class_list":["post-2081","page","type-page","status-publish"],"yoast_head":"<!-- This site is optimized with the Yoast SEO plugin v27.4 - https:\/\/yoast.com\/product\/yoast-seo-wordpress\/ -->\n<title>Contact<\/title>\n<meta name=\"robots\" content=\"index, follow, max-snippet:-1, max-image-preview:large, max-video-preview:-1\" \/>\n<link rel=\"canonical\" href=\"https:\/\/bilderberg.club\/es\/pongase-en-contacto-con\/\" \/>\n<meta property=\"og:locale\" content=\"es_ES\" \/>\n<meta property=\"og:type\" content=\"article\" \/>\n<meta property=\"og:title\" content=\"Contact\" \/>\n<meta property=\"og:description\" content=\"... Read More\" \/>\n<meta property=\"og:url\" content=\"https:\/\/bilderberg.club\/es\/pongase-en-contacto-con\/\" \/>\n<meta property=\"og:site_name\" content=\"Bilderberg.club\" \/>\n<meta property=\"article:modified_time\" content=\"2026-01-08T10:53:19+00:00\" \/>\n<meta name=\"twitter:card\" content=\"summary_large_image\" \/>\n<meta name=\"twitter:label1\" content=\"Tiempo de lectura\" \/>\n\t<meta name=\"twitter:data1\" content=\"2 minutos\" \/>\n<script type=\"application\/ld+json\" class=\"yoast-schema-graph\">{\"@context\":\"https:\\\/\\\/schema.org\",\"@graph\":[{\"@type\":\"WebPage\",\"@id\":\"https:\\\/\\\/bilderberg.club\\\/contact\\\/\",\"url\":\"https:\\\/\\\/bilderberg.club\\\/contact\\\/\",\"name\":\"Contact\",\"isPartOf\":{\"@id\":\"https:\\\/\\\/bilderberg.club\\\/#website\"},\"datePublished\":\"2020-08-05T21:08:55+00:00\",\"dateModified\":\"2026-01-08T10:53:19+00:00\",\"breadcrumb\":{\"@id\":\"https:\\\/\\\/bilderberg.club\\\/contact\\\/#breadcrumb\"},\"inLanguage\":\"es\",\"potentialAction\":[{\"@type\":\"ReadAction\",\"target\":[\"https:\\\/\\\/bilderberg.club\\\/contact\\\/\"]}]},{\"@type\":\"BreadcrumbList\",\"@id\":\"https:\\\/\\\/bilderberg.club\\\/contact\\\/#breadcrumb\",\"itemListElement\":[{\"@type\":\"ListItem\",\"position\":1,\"name\":\"Home\",\"item\":\"https:\\\/\\\/bilderberg.club\\\/\"},{\"@type\":\"ListItem\",\"position\":2,\"name\":\"Contact\"}]},{\"@type\":\"WebSite\",\"@id\":\"https:\\\/\\\/bilderberg.club\\\/#website\",\"url\":\"https:\\\/\\\/bilderberg.club\\\/\",\"name\":\"Bilderberg.club\",\"description\":\"\",\"publisher\":{\"@id\":\"https:\\\/\\\/bilderberg.club\\\/#organization\"},\"potentialAction\":[{\"@type\":\"SearchAction\",\"target\":{\"@type\":\"EntryPoint\",\"urlTemplate\":\"https:\\\/\\\/bilderberg.club\\\/?s={search_term_string}\"},\"query-input\":{\"@type\":\"PropertyValueSpecification\",\"valueRequired\":true,\"valueName\":\"search_term_string\"}}],\"inLanguage\":\"es\"},{\"@type\":\"Organization\",\"@id\":\"https:\\\/\\\/bilderberg.club\\\/#organization\",\"name\":\"Bilderberg.club\",\"url\":\"https:\\\/\\\/bilderberg.club\\\/\",\"logo\":{\"@type\":\"ImageObject\",\"inLanguage\":\"es\",\"@id\":\"https:\\\/\\\/bilderberg.club\\\/#\\\/schema\\\/logo\\\/image\\\/\",\"url\":\"https:\\\/\\\/bilderberg.club\\\/wp-content\\\/uploads\\\/2026\\\/01\\\/cropped-Logo-3.png\",\"contentUrl\":\"https:\\\/\\\/bilderberg.club\\\/wp-content\\\/uploads\\\/2026\\\/01\\\/cropped-Logo-3.png\",\"width\":1278,\"height\":345,\"caption\":\"Bilderberg.club\"},\"image\":{\"@id\":\"https:\\\/\\\/bilderberg.club\\\/#\\\/schema\\\/logo\\\/image\\\/\"}}]}<\/script>\n<!-- \/ Yoast SEO plugin. -->","yoast_head_json":{"title":"P\u00f3ngase en contacto con","robots":{"index":"index","follow":"follow","max-snippet":"max-snippet:-1","max-image-preview":"max-image-preview:large","max-video-preview":"max-video-preview:-1"},"canonical":"https:\/\/bilderberg.club\/es\/pongase-en-contacto-con\/","og_locale":"es_ES","og_type":"article","og_title":"Contact","og_description":"... Read More","og_url":"https:\/\/bilderberg.club\/es\/pongase-en-contacto-con\/","og_site_name":"Bilderberg.club","article_modified_time":"2026-01-08T10:53:19+00:00","twitter_card":"summary_large_image","twitter_misc":{"Tiempo de lectura":"2 minutos"},"schema":{"@context":"https:\/\/schema.org","@graph":[{"@type":"WebPage","@id":"https:\/\/bilderberg.club\/contact\/","url":"https:\/\/bilderberg.club\/contact\/","name":"P\u00f3ngase en contacto con","isPartOf":{"@id":"https:\/\/bilderberg.club\/#website"},"datePublished":"2020-08-05T21:08:55+00:00","dateModified":"2026-01-08T10:53:19+00:00","breadcrumb":{"@id":"https:\/\/bilderberg.club\/contact\/#breadcrumb"},"inLanguage":"es","potentialAction":[{"@type":"ReadAction","target":["https:\/\/bilderberg.club\/contact\/"]}]},{"@type":"BreadcrumbList","@id":"https:\/\/bilderberg.club\/contact\/#breadcrumb","itemListElement":[{"@type":"ListItem","position":1,"name":"Home","item":"https:\/\/bilderberg.club\/"},{"@type":"ListItem","position":2,"name":"Contact"}]},{"@type":"WebSite","@id":"https:\/\/bilderberg.club\/#website","url":"https:\/\/bilderberg.club\/","name":"Bilderberg.club","description":"","publisher":{"@id":"https:\/\/bilderberg.club\/#organization"},"potentialAction":[{"@type":"SearchAction","target":{"@type":"EntryPoint","urlTemplate":"https:\/\/bilderberg.club\/?s={search_term_string}"},"query-input":{"@type":"PropertyValueSpecification","valueRequired":true,"valueName":"search_term_string"}}],"inLanguage":"es"},{"@type":"Organization","@id":"https:\/\/bilderberg.club\/#organization","name":"Bilderberg.club","url":"https:\/\/bilderberg.club\/","logo":{"@type":"ImageObject","inLanguage":"es","@id":"https:\/\/bilderberg.club\/#\/schema\/logo\/image\/","url":"https:\/\/bilderberg.club\/wp-content\/uploads\/2026\/01\/cropped-Logo-3.png","contentUrl":"https:\/\/bilderberg.club\/wp-content\/uploads\/2026\/01\/cropped-Logo-3.png","width":1278,"height":345,"caption":"Bilderberg.club"},"image":{"@id":"https:\/\/bilderberg.club\/#\/schema\/logo\/image\/"}}]}},"_links":{"self":[{"href":"https:\/\/bilderberg.club\/es\/wp-json\/wp\/v2\/pages\/2081","targetHints":{"allow":["GET"]}}],"collection":[{"href":"https:\/\/bilderberg.club\/es\/wp-json\/wp\/v2\/pages"}],"about":[{"href":"https:\/\/bilderberg.club\/es\/wp-json\/wp\/v2\/types\/page"}],"author":[{"embeddable":true,"href":"https:\/\/bilderberg.club\/es\/wp-json\/wp\/v2\/users\/1"}],"replies":[{"embeddable":true,"href":"https:\/\/bilderberg.club\/es\/wp-json\/wp\/v2\/comments?post=2081"}],"version-history":[{"count":0,"href":"https:\/\/bilderberg.club\/es\/wp-json\/wp\/v2\/pages\/2081\/revisions"}],"wp:attachment":[{"href":"https:\/\/bilderberg.club\/es\/wp-json\/wp\/v2\/media?parent=2081"}],"curies":[{"name":"wp","href":"https:\/\/api.w.org\/{rel}","templated":true}]}}