{"id":2081,"date":"2020-08-05T17:08:55","date_gmt":"2020-08-05T21:08:55","guid":{"rendered":"https:\/\/sites.generatepress.com\/ethos\/?page_id=2081"},"modified":"2026-01-08T10:53:19","modified_gmt":"2026-01-08T10:53:19","slug":"contact","status":"publish","type":"page","link":"https:\/\/bilderberg.club\/fr\/contact\/","title":{"rendered":"Contact"},"content":{"rendered":"<div class=\"gb-element-hero-contact\">\n<div class=\"gb-element-hero-container\">\n<div class=\"gb-element-hero-content\">\n<p class=\"gb-text gb-text-hero-breadcrumb\"><a href=\"https:\/\/bilderberg.club\/fr\/\" style=\"color:var(--accent);text-decoration:none;\">Club Bilderberg<\/a> \/ Contact<\/p>\n\n\n\n<h1 class=\"gb-text gb-text-hero-h1\">Contact <mark class=\"gb-highlight\"><mark style=\"background-color:rgba(0, 0, 0, 0)\" class=\"has-inline-color has-accent-color\">Club Bilderberg<\/mark><\/mark><\/h1>\n\n\n\n<p class=\"gb-text gb-text-hero-subtitle\">Vous avez des questions sur le groupe Bilderberg ? Vous souhaitez signaler une erreur ou sugg\u00e9rer une am\u00e9lioration ? Votre avis nous int\u00e9resse. Remplissez le formulaire ci-dessous et nous vous r\u00e9pondrons dans les plus brefs d\u00e9lais.<\/p>\n<\/div>\n<\/div>\n<\/div>\n\n\n\n<section class=\"gb-element-main-section\">\n<div class=\"gb-element-contact-grid\">\n<div class=\"gb-element-form-column\">\n<h2 class=\"gb-text gb-text-form-h2\">Envoyez-nous un message<\/h2>\n\n\n\n<p class=\"gb-text gb-text-form-desc\">Veuillez remplir le formulaire ci-dessous avec votre demande. Nous r\u00e9pondons g\u00e9n\u00e9ralement dans un d\u00e9lai de 24 \u00e0 48 heures pendant les jours ouvrables.<\/p>\n\n\n\n<div class=\"gb-element-form-wrapper\">\n<div class=\"wp-block-contact-form-7-contact-form-selector\">\n<div class=\"wpcf7 no-js\" id=\"wpcf7-f48964-o1\" lang=\"en-US\" dir=\"ltr\" data-wpcf7-id=\"48964\">\n<div class=\"screen-reader-response\"><p role=\"status\" aria-live=\"polite\" aria-atomic=\"true\"><\/p> <ul><\/ul><\/div>\n<form action=\"\/fr\/wp-json\/wp\/v2\/pages\/2081#wpcf7-f48964-o1\" method=\"post\" class=\"wpcf7-form init\" aria-label=\"Formulaire de contact\" novalidate=\"novalidate\" data-status=\"init\" data-trp-original-action=\"\/fr\/wp-json\/wp\/v2\/pages\/2081#wpcf7-f48964-o1\">\n<fieldset class=\"hidden-fields-container\"><input type=\"hidden\" name=\"_wpcf7\" value=\"48964\" \/><input type=\"hidden\" name=\"_wpcf7_version\" value=\"6.1.5\" \/><input type=\"hidden\" name=\"_wpcf7_locale\" value=\"en_US\" \/><input type=\"hidden\" name=\"_wpcf7_unit_tag\" value=\"wpcf7-f48964-o1\" \/><input type=\"hidden\" name=\"_wpcf7_container_post\" value=\"0\" \/><input type=\"hidden\" name=\"_wpcf7_posted_data_hash\" value=\"\" \/>\n<\/fieldset>\n<p><label> Votre nom<br \/>\n<span class=\"wpcf7-form-control-wrap\" data-name=\"your-name\"><input size=\"40\" maxlength=\"400\" class=\"wpcf7-form-control wpcf7-text wpcf7-validates-as-required\" autocomplete=\"name\" aria-required=\"true\" aria-invalid=\"false\" value=\"\" type=\"text\" name=\"your-name\" \/><\/span> <\/label>\n<\/p>\n<p><label> Votre email<br \/>\n<span class=\"wpcf7-form-control-wrap\" data-name=\"your-email\"><input size=\"40\" maxlength=\"400\" class=\"wpcf7-form-control wpcf7-email wpcf7-validates-as-required wpcf7-text wpcf7-validates-as-email\" autocomplete=\"email\" aria-required=\"true\" aria-invalid=\"false\" value=\"\" type=\"email\" name=\"your-email\" \/><\/span> <\/label>\n<\/p>\n<p><label> Sujet<br \/>\n<span class=\"wpcf7-form-control-wrap\" data-name=\"your-subject\"><input size=\"40\" maxlength=\"400\" class=\"wpcf7-form-control wpcf7-text wpcf7-validates-as-required\" aria-required=\"true\" aria-invalid=\"false\" value=\"\" type=\"text\" name=\"your-subject\" \/><\/span> <\/label>\n<\/p>\n<p><label> Votre message (facultatif)<br \/>\n<span class=\"wpcf7-form-control-wrap\" data-name=\"your-message\"><textarea cols=\"40\" rows=\"10\" maxlength=\"2000\" class=\"wpcf7-form-control wpcf7-textarea\" aria-invalid=\"false\" name=\"your-message\"><\/textarea><\/span> <\/label>\n<\/p>\n<p><input class=\"wpcf7-form-control wpcf7-submit has-spinner\" type=\"submit\" value=\"Soumettre\" \/>\n<\/p>\n<div class=\"g-recaptcha-wrap\" style=\"padding:10px 0 10px 0\">\n\t<div  class=\"g-recaptcha\" data-sitekey=\"6LcfAkQsAAAAAMiJueIgXxCVaIeC2eY-wxMdM7mx\">\n\t<\/div>\n<\/div>\n<p><span class='wpcf7-form-control-wrap' data-name='aiowps-captcha'><\/span>\n<\/p><div class=\"wpcf7-response-output\" aria-hidden=\"true\"><\/div>\n<input type=\"hidden\" name=\"trp-form-language\" value=\"fr\"\/><\/form>\n<\/div>\n<\/div>\n<\/div>\n<\/div>\n\n\n\n<div class=\"gb-element-info-column\">\n<div class=\"gb-element-info-box\">\n<h3 class=\"gb-text gb-text-info-title\">Avant de nous contacter<\/h3>\n\n\n\n<p class=\"gb-text gb-text-info-text\">De nombreuses questions courantes trouvent d\u00e9j\u00e0 une r\u00e9ponse dans nos ressources compl\u00e8tes :<\/p>\n\n\n\n<div class=\"gb-element-links-list\">\n<a class=\"gb-text gb-text-link-1\" href=\"https:\/\/bilderberg.club\/fr\/faq\/\">\u2753 Questions fr\u00e9quemment pos\u00e9es<\/a>\n\n\n\n<a class=\"gb-text gb-text-link-2\" href=\"https:\/\/bilderberg.club\/fr\/quest-ce-que-le-bilderberg\/\">\ud83d\udcd6 Qu'est-ce que Bilderberg ?<\/a>\n\n\n\n<a class=\"gb-text gb-text-link-3\" href=\"https:\/\/bilderberg.club\/fr\/membres\/\">\ud83d\udc65 Membres du Bilderberg<\/a>\n\n\n\n<a class=\"gb-text gb-text-link-4\" href=\"https:\/\/bilderberg.club\/fr\/reunions\/\">\ud83d\udcc5 Toutes les r\u00e9unions<\/a>\n<\/div>\n<\/div>\n\n\n\n<div class=\"gb-element-notice-box\">\n<h4 class=\"gb-text gb-text-notice-title\">\u26a0\ufe0f Avis important<\/h4>\n\n\n\n<p class=\"gb-text gb-text-notice-text\">Ce site web est une source d'information ind\u00e9pendante et il est <strong>non affili\u00e9<\/strong> avec l'organisation officielle du Bilderberg. Nous ne pouvons pas faciliter les demandes de participation ou fournir un contact direct avec les responsables du Bilderberg.<\/p>\n<\/div>\n\n\n\n<div class=\"gb-element-topics-box\">\n<h4 class=\"gb-text gb-text-topics-title\">Nous pouvons vous aider :<\/h4>\n\n\n\n<div class=\"gb-element-topics-list\">\n<p class=\"gb-text gb-text-topic-1\">\u2705 Questions sur l'histoire et les faits du Bilderberg<\/p>\n\n\n\n<p class=\"gb-text gb-text-topic-2\">Corrections des donn\u00e9es relatives aux participants ou aux r\u00e9unions<\/p>\n\n\n\n<p class=\"gb-text gb-text-topic-3\">\u2705 Commentaires et suggestions sur le site web<\/p>\n\n\n\n<p class=\"gb-text gb-text-topic-4\">\u2705 Demandes des m\u00e9dias et de la presse<\/p>\n\n\n\n<p class=\"gb-text gb-text-topic-5\">\u2705 Possibilit\u00e9s de partenariat<\/p>\n<\/div>\n<\/div>\n<\/div>\n<\/div>\n<\/section>\n\n\n\n<section class=\"gb-element-info-section\">\n<div class=\"gb-element-info-container\">\n<h2 class=\"gb-text gb-text-info-h2\">\u00c0 propos de ce projet <mark class=\"gb-highlight\"><mark style=\"background-color:rgba(0, 0, 0, 0)\" class=\"has-inline-color has-accent-color\">Site web<\/mark><\/mark><\/h2>\n\n\n\n<p class=\"gb-text gb-text-info-intro\"><a href=\"https:\/\/bilderberg.club\/fr\/\">Bilderberg.club<\/a> est une source d'information ind\u00e9pendante qui se consacre \u00e0 fournir des informations exactes et factuelles sur le Groupe Bilderberg. Notre objectif est de s\u00e9parer les faits de la fiction et d'offrir une r\u00e9f\u00e9rence compl\u00e8te aux chercheurs, aux journalistes et aux esprits curieux.<\/p>\n\n\n\n<div class=\"gb-element-cards-grid\">\n<div class=\"gb-element-card-1\">\n<p class=\"gb-text gb-text-c1-icon\">\ud83d\udcda<\/p>\n\n\n\n<h3 class=\"gb-text gb-text-c1-title\">Base de donn\u00e9es compl\u00e8te<\/h3>\n\n\n\n<p class=\"gb-text gb-text-c1-desc\">71 ans de <a href=\"https:\/\/bilderberg.club\/fr\/reunions\/\">r\u00e9unions<\/a>, des milliers de <a href=\"https:\/\/bilderberg.club\/fr\/membres\/\">participants<\/a>, et compl\u00e9ter <a href=\"https:\/\/bilderberg.club\/fr\/lordre-du-jour\/\">l'ordre du jour<\/a> archives.<\/p>\n<\/div>\n\n\n\n<div class=\"gb-element-card-2\">\n<p class=\"gb-text gb-text-c2-icon\">\u2705<\/p>\n\n\n\n<h3 class=\"gb-text gb-text-c2-title\">Contenu bas\u00e9 sur des faits<\/h3>\n\n\n\n<p class=\"gb-text gb-text-c2-desc\">Toutes les informations proviennent de registres officiels, de documents historiques et de rapports v\u00e9rifi\u00e9s.<\/p>\n<\/div>\n\n\n\n<div class=\"gb-element-card-3\">\n<p class=\"gb-text gb-text-c3-icon\">\ud83d\udd04<\/p>\n\n\n\n<h3 class=\"gb-text gb-text-c3-title\">R\u00e9guli\u00e8rement mis \u00e0 jour<\/h3>\n\n\n\n<p class=\"gb-text gb-text-c3-desc\">De nouvelles informations sur les r\u00e9unions sont ajout\u00e9es chaque ann\u00e9e, et les donn\u00e9es historiques sont continuellement enrichies.<\/p>\n<\/div>\n<\/div>\n<\/div>\n<\/section>\n\n\n\n<section class=\"gb-element-response-section\">\n<div class=\"gb-element-response-container\">\n<h2 class=\"gb-text gb-text-response-h2\">\u00c0 quoi s'attendre<\/h2>\n\n\n\n<div class=\"gb-element-timeline\">\n<div class=\"gb-element-step-1\">\n<div class=\"gb-element-s1-num\">1<\/div>\n\n\n\n<div class=\"gb-element-s1-content\">\n<h4 class=\"gb-text gb-text-s1-title\">Soumettre votre message<\/h4>\n\n\n\n<p class=\"gb-text gb-text-s1-desc\">Remplissez le formulaire de contact en indiquant votre nom, votre adresse \u00e9lectronique et un message d\u00e9taill\u00e9. Plus votre question sera pr\u00e9cise, mieux nous pourrons vous aider.<\/p>\n<\/div>\n<\/div>\n\n\n\n<div class=\"gb-element-step-2\">\n<div class=\"gb-element-s2-num\">2<\/div>\n\n\n\n<div class=\"gb-element-s2-content\">\n<h4 class=\"gb-text gb-text-s2-title\">Nous examinons votre demande<\/h4>\n\n\n\n<p class=\"gb-text gb-text-s2-desc\">Notre \u00e9quipe examine tous les messages et effectue des recherches sur votre question si n\u00e9cessaire. Nous accordons la priorit\u00e9 \u00e0 la pr\u00e9cision et \u00e0 l'exhaustivit\u00e9 de chaque r\u00e9ponse.<\/p>\n<\/div>\n<\/div>\n\n\n\n<div class=\"gb-element-step-3\">\n<div class=\"gb-element-s3-num\">3<\/div>\n\n\n\n<div class=\"gb-element-s3-content\">\n<h4 class=\"gb-text gb-text-s3-title\">Recevez votre r\u00e9ponse<\/h4>\n\n\n\n<p class=\"gb-text gb-text-s3-desc\">Vous recevrez une r\u00e9ponse d\u00e9taill\u00e9e par courrier \u00e9lectronique dans un d\u00e9lai de 24 \u00e0 48 heures pendant les jours ouvrables. Les demandes complexes peuvent prendre un peu plus de temps.<\/p>\n<\/div>\n<\/div>\n<\/div>\n<\/div>\n<\/section>\n\n\n\n<section class=\"gb-element-cta-section\">\n<div class=\"gb-element-cta-container\">\n<h2 class=\"gb-text gb-text-cta-h2\">En savoir plus sur Bilderberg<\/h2>\n\n\n\n<p class=\"gb-text gb-text-cta-desc\">Dans l'attente de notre r\u00e9ponse, consultez nos ressources compl\u00e8tes sur la <a href=\"https:\/\/bilderberg.club\/fr\/\" style=\"color:var(--accent)\">Groupe Bilderberg<\/a>. D\u00e9couvrez les <a href=\"https:\/\/bilderberg.club\/fr\/histoire-du-bilderberg\/\" style=\"color:var(--accent)\">histoire compl\u00e8te<\/a>, parcourir <a href=\"https:\/\/bilderberg.club\/fr\/reunions\/\" style=\"color:var(--accent)\">archives des r\u00e9unions<\/a>, ou en savoir plus sur <a href=\"https:\/\/bilderberg.club\/fr\/membres\/\" style=\"color:var(--accent)\">participants notables<\/a>.<\/p>\n\n\n\n<div class=\"gb-element-cta-buttons\">\n<a class=\"gb-text gb-text-cta-btn-1\" href=\"https:\/\/bilderberg.club\/fr\/\">Accueil Bilderberg<\/a>\n\n\n\n<a class=\"gb-text gb-text-cta-btn-2\" href=\"https:\/\/bilderberg.club\/fr\/faq\/\">Parcourir la FAQ<\/a>\n\n\n\n<a class=\"gb-text gb-text-cta-btn-3\" href=\"https:\/\/bilderberg.club\/fr\/quest-ce-que-le-bilderberg\/\">Qu'est-ce que Bilderberg ?<\/a>\n<\/div>\n<\/div>\n<\/section>","protected":false},"excerpt":{"rendered":"<p> ... <a title=\"Contact\" class=\"read-more\" href=\"https:\/\/bilderberg.club\/fr\/contact\/\" aria-label=\"En savoir plus sur Contact\">Lire la suite<\/a><\/p>","protected":false},"author":1,"featured_media":0,"parent":0,"menu_order":0,"comment_status":"closed","ping_status":"closed","template":"","meta":{"footnotes":""},"class_list":["post-2081","page","type-page","status-publish"],"yoast_head":"<!-- This site is optimized with the Yoast SEO plugin v27.4 - https:\/\/yoast.com\/product\/yoast-seo-wordpress\/ -->\n<title>Contact<\/title>\n<meta name=\"robots\" content=\"index, follow, max-snippet:-1, max-image-preview:large, max-video-preview:-1\" \/>\n<link rel=\"canonical\" href=\"https:\/\/bilderberg.club\/fr\/contact\/\" \/>\n<meta property=\"og:locale\" content=\"fr_FR\" \/>\n<meta property=\"og:type\" content=\"article\" \/>\n<meta property=\"og:title\" content=\"Contact\" \/>\n<meta property=\"og:description\" content=\"... Read More\" \/>\n<meta property=\"og:url\" content=\"https:\/\/bilderberg.club\/fr\/contact\/\" \/>\n<meta property=\"og:site_name\" content=\"Bilderberg.club\" \/>\n<meta property=\"article:modified_time\" content=\"2026-01-08T10:53:19+00:00\" \/>\n<meta name=\"twitter:card\" content=\"summary_large_image\" \/>\n<meta name=\"twitter:label1\" content=\"Dur\u00e9e de lecture estim\u00e9e\" \/>\n\t<meta name=\"twitter:data1\" content=\"2 minutes\" \/>\n<script type=\"application\/ld+json\" class=\"yoast-schema-graph\">{\"@context\":\"https:\\\/\\\/schema.org\",\"@graph\":[{\"@type\":\"WebPage\",\"@id\":\"https:\\\/\\\/bilderberg.club\\\/contact\\\/\",\"url\":\"https:\\\/\\\/bilderberg.club\\\/contact\\\/\",\"name\":\"Contact\",\"isPartOf\":{\"@id\":\"https:\\\/\\\/bilderberg.club\\\/#website\"},\"datePublished\":\"2020-08-05T21:08:55+00:00\",\"dateModified\":\"2026-01-08T10:53:19+00:00\",\"breadcrumb\":{\"@id\":\"https:\\\/\\\/bilderberg.club\\\/contact\\\/#breadcrumb\"},\"inLanguage\":\"fr-FR\",\"potentialAction\":[{\"@type\":\"ReadAction\",\"target\":[\"https:\\\/\\\/bilderberg.club\\\/contact\\\/\"]}]},{\"@type\":\"BreadcrumbList\",\"@id\":\"https:\\\/\\\/bilderberg.club\\\/contact\\\/#breadcrumb\",\"itemListElement\":[{\"@type\":\"ListItem\",\"position\":1,\"name\":\"Home\",\"item\":\"https:\\\/\\\/bilderberg.club\\\/\"},{\"@type\":\"ListItem\",\"position\":2,\"name\":\"Contact\"}]},{\"@type\":\"WebSite\",\"@id\":\"https:\\\/\\\/bilderberg.club\\\/#website\",\"url\":\"https:\\\/\\\/bilderberg.club\\\/\",\"name\":\"Bilderberg.club\",\"description\":\"\",\"publisher\":{\"@id\":\"https:\\\/\\\/bilderberg.club\\\/#organization\"},\"potentialAction\":[{\"@type\":\"SearchAction\",\"target\":{\"@type\":\"EntryPoint\",\"urlTemplate\":\"https:\\\/\\\/bilderberg.club\\\/?s={search_term_string}\"},\"query-input\":{\"@type\":\"PropertyValueSpecification\",\"valueRequired\":true,\"valueName\":\"search_term_string\"}}],\"inLanguage\":\"fr-FR\"},{\"@type\":\"Organization\",\"@id\":\"https:\\\/\\\/bilderberg.club\\\/#organization\",\"name\":\"Bilderberg.club\",\"url\":\"https:\\\/\\\/bilderberg.club\\\/\",\"logo\":{\"@type\":\"ImageObject\",\"inLanguage\":\"fr-FR\",\"@id\":\"https:\\\/\\\/bilderberg.club\\\/#\\\/schema\\\/logo\\\/image\\\/\",\"url\":\"https:\\\/\\\/bilderberg.club\\\/wp-content\\\/uploads\\\/2026\\\/01\\\/cropped-Logo-3.png\",\"contentUrl\":\"https:\\\/\\\/bilderberg.club\\\/wp-content\\\/uploads\\\/2026\\\/01\\\/cropped-Logo-3.png\",\"width\":1278,\"height\":345,\"caption\":\"Bilderberg.club\"},\"image\":{\"@id\":\"https:\\\/\\\/bilderberg.club\\\/#\\\/schema\\\/logo\\\/image\\\/\"}}]}<\/script>\n<!-- \/ Yoast SEO plugin. -->","yoast_head_json":{"title":"Contact","robots":{"index":"index","follow":"follow","max-snippet":"max-snippet:-1","max-image-preview":"max-image-preview:large","max-video-preview":"max-video-preview:-1"},"canonical":"https:\/\/bilderberg.club\/fr\/contact\/","og_locale":"fr_FR","og_type":"article","og_title":"Contact","og_description":"... Read More","og_url":"https:\/\/bilderberg.club\/fr\/contact\/","og_site_name":"Bilderberg.club","article_modified_time":"2026-01-08T10:53:19+00:00","twitter_card":"summary_large_image","twitter_misc":{"Dur\u00e9e de lecture estim\u00e9e":"2 minutes"},"schema":{"@context":"https:\/\/schema.org","@graph":[{"@type":"WebPage","@id":"https:\/\/bilderberg.club\/contact\/","url":"https:\/\/bilderberg.club\/contact\/","name":"Contact","isPartOf":{"@id":"https:\/\/bilderberg.club\/#website"},"datePublished":"2020-08-05T21:08:55+00:00","dateModified":"2026-01-08T10:53:19+00:00","breadcrumb":{"@id":"https:\/\/bilderberg.club\/contact\/#breadcrumb"},"inLanguage":"fr-FR","potentialAction":[{"@type":"ReadAction","target":["https:\/\/bilderberg.club\/contact\/"]}]},{"@type":"BreadcrumbList","@id":"https:\/\/bilderberg.club\/contact\/#breadcrumb","itemListElement":[{"@type":"ListItem","position":1,"name":"Home","item":"https:\/\/bilderberg.club\/"},{"@type":"ListItem","position":2,"name":"Contact"}]},{"@type":"WebSite","@id":"https:\/\/bilderberg.club\/#website","url":"https:\/\/bilderberg.club\/","name":"Bilderberg.club","description":"","publisher":{"@id":"https:\/\/bilderberg.club\/#organization"},"potentialAction":[{"@type":"SearchAction","target":{"@type":"EntryPoint","urlTemplate":"https:\/\/bilderberg.club\/?s={search_term_string}"},"query-input":{"@type":"PropertyValueSpecification","valueRequired":true,"valueName":"search_term_string"}}],"inLanguage":"fr-FR"},{"@type":"Organization","@id":"https:\/\/bilderberg.club\/#organization","name":"Bilderberg.club","url":"https:\/\/bilderberg.club\/","logo":{"@type":"ImageObject","inLanguage":"fr-FR","@id":"https:\/\/bilderberg.club\/#\/schema\/logo\/image\/","url":"https:\/\/bilderberg.club\/wp-content\/uploads\/2026\/01\/cropped-Logo-3.png","contentUrl":"https:\/\/bilderberg.club\/wp-content\/uploads\/2026\/01\/cropped-Logo-3.png","width":1278,"height":345,"caption":"Bilderberg.club"},"image":{"@id":"https:\/\/bilderberg.club\/#\/schema\/logo\/image\/"}}]}},"_links":{"self":[{"href":"https:\/\/bilderberg.club\/fr\/wp-json\/wp\/v2\/pages\/2081","targetHints":{"allow":["GET"]}}],"collection":[{"href":"https:\/\/bilderberg.club\/fr\/wp-json\/wp\/v2\/pages"}],"about":[{"href":"https:\/\/bilderberg.club\/fr\/wp-json\/wp\/v2\/types\/page"}],"author":[{"embeddable":true,"href":"https:\/\/bilderberg.club\/fr\/wp-json\/wp\/v2\/users\/1"}],"replies":[{"embeddable":true,"href":"https:\/\/bilderberg.club\/fr\/wp-json\/wp\/v2\/comments?post=2081"}],"version-history":[{"count":0,"href":"https:\/\/bilderberg.club\/fr\/wp-json\/wp\/v2\/pages\/2081\/revisions"}],"wp:attachment":[{"href":"https:\/\/bilderberg.club\/fr\/wp-json\/wp\/v2\/media?parent=2081"}],"curies":[{"name":"wp","href":"https:\/\/api.w.org\/{rel}","templated":true}]}}