{"id":2081,"date":"2020-08-05T17:08:55","date_gmt":"2020-08-05T21:08:55","guid":{"rendered":"https:\/\/sites.generatepress.com\/ethos\/?page_id=2081"},"modified":"2026-01-08T10:53:19","modified_gmt":"2026-01-08T10:53:19","slug":"contato","status":"publish","type":"page","link":"https:\/\/bilderberg.club\/pt\/contact\/","title":{"rendered":"Contato"},"content":{"rendered":"<div class=\"gb-element-hero-contact\">\n<div class=\"gb-element-hero-container\">\n<div class=\"gb-element-hero-content\">\n<p class=\"gb-text gb-text-hero-breadcrumb\"><a href=\"https:\/\/bilderberg.club\/pt\/\" style=\"color:var(--accent);text-decoration:none;\">Clube Bilderberg<\/a> \/ Contato<\/p>\n\n\n\n<h1 class=\"gb-text gb-text-hero-h1\">Contato <mark class=\"gb-highlight\"><mark style=\"background-color:rgba(0, 0, 0, 0)\" class=\"has-inline-color has-accent-color\">Clube Bilderberg<\/mark><\/mark><\/h1>\n\n\n\n<p class=\"gb-text gb-text-hero-subtitle\">Tem d\u00favidas sobre o Grupo Bilderberg? Deseja relatar um erro ou sugerir uma melhoria? Gostar\u00edamos muito de ouvir sua opini\u00e3o. Preencha o formul\u00e1rio abaixo e responderemos o mais breve poss\u00edvel.<\/p>\n<\/div>\n<\/div>\n<\/div>\n\n\n\n<section class=\"gb-element-main-section\">\n<div class=\"gb-element-contact-grid\">\n<div class=\"gb-element-form-column\">\n<h2 class=\"gb-text gb-text-form-h2\">Envie-nos uma mensagem<\/h2>\n\n\n\n<p class=\"gb-text gb-text-form-desc\">Preencha o formul\u00e1rio abaixo com sua consulta. Normalmente, respondemos dentro de 24 a 48 horas durante os dias \u00fateis.<\/p>\n\n\n\n<div class=\"gb-element-form-wrapper\">\n<div class=\"wp-block-contact-form-7-contact-form-selector\">\n<div class=\"wpcf7 no-js\" id=\"wpcf7-f48964-o1\" lang=\"en-US\" dir=\"ltr\" data-wpcf7-id=\"48964\">\n<div class=\"screen-reader-response\"><p role=\"status\" aria-live=\"polite\" aria-atomic=\"true\"><\/p> <ul><\/ul><\/div>\n<form action=\"\/pt\/wp-json\/wp\/v2\/pages\/2081#wpcf7-f48964-o1\" method=\"post\" class=\"wpcf7-form init\" aria-label=\"Contact form\" novalidate=\"novalidate\" data-status=\"init\" data-trp-original-action=\"\/pt\/wp-json\/wp\/v2\/pages\/2081#wpcf7-f48964-o1\">\n<fieldset class=\"hidden-fields-container\"><input type=\"hidden\" name=\"_wpcf7\" value=\"48964\" \/><input type=\"hidden\" name=\"_wpcf7_version\" value=\"6.1.5\" \/><input type=\"hidden\" name=\"_wpcf7_locale\" value=\"en_US\" \/><input type=\"hidden\" name=\"_wpcf7_unit_tag\" value=\"wpcf7-f48964-o1\" \/><input type=\"hidden\" name=\"_wpcf7_container_post\" value=\"0\" \/><input type=\"hidden\" name=\"_wpcf7_posted_data_hash\" value=\"\" \/>\n<\/fieldset>\n<p><label> Seu nome<br \/>\n<span class=\"wpcf7-form-control-wrap\" data-name=\"your-name\"><input size=\"40\" maxlength=\"400\" class=\"wpcf7-form-control wpcf7-text wpcf7-validates-as-required\" autocomplete=\"name\" aria-required=\"true\" aria-invalid=\"false\" value=\"\" type=\"text\" name=\"your-name\" \/><\/span> <\/label>\n<\/p>\n<p><label> Seu e-mail<br \/>\n<span class=\"wpcf7-form-control-wrap\" data-name=\"your-email\"><input size=\"40\" maxlength=\"400\" class=\"wpcf7-form-control wpcf7-email wpcf7-validates-as-required wpcf7-text wpcf7-validates-as-email\" autocomplete=\"email\" aria-required=\"true\" aria-invalid=\"false\" value=\"\" type=\"email\" name=\"your-email\" \/><\/span> <\/label>\n<\/p>\n<p><label> Assunto<br \/>\n<span class=\"wpcf7-form-control-wrap\" data-name=\"your-subject\"><input size=\"40\" maxlength=\"400\" class=\"wpcf7-form-control wpcf7-text wpcf7-validates-as-required\" aria-required=\"true\" aria-invalid=\"false\" value=\"\" type=\"text\" name=\"your-subject\" \/><\/span> <\/label>\n<\/p>\n<p><label> Sua mensagem (opcional)<br \/>\n<span class=\"wpcf7-form-control-wrap\" data-name=\"your-message\"><textarea cols=\"40\" rows=\"10\" maxlength=\"2000\" class=\"wpcf7-form-control wpcf7-textarea\" aria-invalid=\"false\" name=\"your-message\"><\/textarea><\/span> <\/label>\n<\/p>\n<p><input class=\"wpcf7-form-control wpcf7-submit has-spinner\" type=\"submit\" value=\"Enviar\" \/>\n<\/p>\n<div class=\"g-recaptcha-wrap\" style=\"padding:10px 0 10px 0\">\n\t<div  class=\"g-recaptcha\" data-sitekey=\"6LcfAkQsAAAAAMiJueIgXxCVaIeC2eY-wxMdM7mx\">\n\t<\/div>\n<\/div>\n<p><span class='wpcf7-form-control-wrap' data-name='aiowps-captcha'><\/span>\n<\/p><div class=\"wpcf7-response-output\" aria-hidden=\"true\"><\/div>\n<input type=\"hidden\" name=\"trp-form-language\" value=\"pt\"\/><\/form>\n<\/div>\n<\/div>\n<\/div>\n<\/div>\n\n\n\n<div class=\"gb-element-info-column\">\n<div class=\"gb-element-info-box\">\n<h3 class=\"gb-text gb-text-info-title\">Antes de entrar em contato conosco<\/h3>\n\n\n\n<p class=\"gb-text gb-text-info-text\">Muitas perguntas comuns j\u00e1 est\u00e3o respondidas em nossos recursos abrangentes:<\/p>\n\n\n\n<div class=\"gb-element-links-list\">\n<a class=\"gb-text gb-text-link-1\" href=\"https:\/\/bilderberg.club\/pt\/perguntas-frequentes\/\">Perguntas frequentes<\/a>\n\n\n\n<a class=\"gb-text gb-text-link-2\" href=\"https:\/\/bilderberg.club\/pt\/o-que-e-bilderberg\/\">O que \u00e9 Bilderberg?<\/a>\n\n\n\n<a class=\"gb-text gb-text-link-3\" href=\"https:\/\/bilderberg.club\/pt\/membros\/\">Membros do Bilderberg<\/a>\n\n\n\n<a class=\"gb-text gb-text-link-4\" href=\"https:\/\/bilderberg.club\/pt\/reunioes\/\">Todas as reuni\u00f5es<\/a>\n<\/div>\n<\/div>\n\n\n\n<div class=\"gb-element-notice-box\">\n<h4 class=\"gb-text gb-text-notice-title\">\u26a0\ufe0f Aviso importante<\/h4>\n\n\n\n<p class=\"gb-text gb-text-notice-text\">Este site \u00e9 um recurso informativo independente e \u00e9 <strong>n\u00e3o afiliado<\/strong> com a organiza\u00e7\u00e3o oficial do Bilderberg. N\u00e3o podemos facilitar solicita\u00e7\u00f5es de participa\u00e7\u00e3o nem fornecer contato direto com os funcion\u00e1rios do Bilderberg.<\/p>\n<\/div>\n\n\n\n<div class=\"gb-element-topics-box\">\n<h4 class=\"gb-text gb-text-topics-title\">Podemos ajudar com:<\/h4>\n\n\n\n<div class=\"gb-element-topics-list\">\n<p class=\"gb-text gb-text-topic-1\">\u2705 Perguntas sobre a hist\u00f3ria e os fatos de Bilderberg<\/p>\n\n\n\n<p class=\"gb-text gb-text-topic-2\">Corre\u00e7\u00f5es nos dados do participante ou da reuni\u00e3o<\/p>\n\n\n\n<p class=\"gb-text gb-text-topic-3\">Coment\u00e1rios e sugest\u00f5es sobre o site<\/p>\n\n\n\n<p class=\"gb-text gb-text-topic-4\">Consultas de m\u00eddia e imprensa<\/p>\n\n\n\n<p class=\"gb-text gb-text-topic-5\">Oportunidades de parceria<\/p>\n<\/div>\n<\/div>\n<\/div>\n<\/div>\n<\/section>\n\n\n\n<section class=\"gb-element-info-section\">\n<div class=\"gb-element-info-container\">\n<h2 class=\"gb-text gb-text-info-h2\">Sobre isso <mark class=\"gb-highlight\"><mark style=\"background-color:rgba(0, 0, 0, 0)\" class=\"has-inline-color has-accent-color\">Site<\/mark><\/mark><\/h2>\n\n\n\n<p class=\"gb-text gb-text-info-intro\"><a href=\"https:\/\/bilderberg.club\/pt\/\">Bilderberg.club<\/a> \u00e9 um recurso informativo independente dedicado a fornecer informa\u00e7\u00f5es precisas e factuais sobre o Grupo Bilderberg. Nosso objetivo \u00e9 separar o fato da fic\u00e7\u00e3o e oferecer uma refer\u00eancia abrangente para pesquisadores, jornalistas e curiosos.<\/p>\n\n\n\n<div class=\"gb-element-cards-grid\">\n<div class=\"gb-element-card-1\">\n<p class=\"gb-text gb-text-c1-icon\">\ud83d\udcda<\/p>\n\n\n\n<h3 class=\"gb-text gb-text-c1-title\">Banco de dados abrangente<\/h3>\n\n\n\n<p class=\"gb-text gb-text-c1-desc\">71 anos de <a href=\"https:\/\/bilderberg.club\/pt\/reunioes\/\">reuni\u00f5es<\/a>, milhares de <a href=\"https:\/\/bilderberg.club\/pt\/membros\/\">participantes<\/a>, e completa <a href=\"https:\/\/bilderberg.club\/pt\/agenda\/\">agenda<\/a> arquivos.<\/p>\n<\/div>\n\n\n\n<div class=\"gb-element-card-2\">\n<p class=\"gb-text gb-text-c2-icon\">\u2705<\/p>\n\n\n\n<h3 class=\"gb-text gb-text-c2-title\">Conte\u00fado baseado em fatos<\/h3>\n\n\n\n<p class=\"gb-text gb-text-c2-desc\">Todas as informa\u00e7\u00f5es foram obtidas de registros oficiais, documentos hist\u00f3ricos e relat\u00f3rios verificados.<\/p>\n<\/div>\n\n\n\n<div class=\"gb-element-card-3\">\n<p class=\"gb-text gb-text-c3-icon\">\ud83d\udd04<\/p>\n\n\n\n<h3 class=\"gb-text gb-text-c3-title\">Atualizado regularmente<\/h3>\n\n\n\n<p class=\"gb-text gb-text-c3-desc\">Novas informa\u00e7\u00f5es de reuni\u00f5es adicionadas a cada ano, com dados hist\u00f3ricos continuamente expandidos.<\/p>\n<\/div>\n<\/div>\n<\/div>\n<\/section>\n\n\n\n<section class=\"gb-element-response-section\">\n<div class=\"gb-element-response-container\">\n<h2 class=\"gb-text gb-text-response-h2\">O que esperar<\/h2>\n\n\n\n<div class=\"gb-element-timeline\">\n<div class=\"gb-element-step-1\">\n<div class=\"gb-element-s1-num\">1<\/div>\n\n\n\n<div class=\"gb-element-s1-content\">\n<h4 class=\"gb-text gb-text-s1-title\">Envie sua mensagem<\/h4>\n\n\n\n<p class=\"gb-text gb-text-s1-desc\">Preencha o formul\u00e1rio de contato com seu nome, e-mail e mensagem detalhada. Quanto mais espec\u00edfica for sua pergunta, melhor poderemos ajud\u00e1-lo.<\/p>\n<\/div>\n<\/div>\n\n\n\n<div class=\"gb-element-step-2\">\n<div class=\"gb-element-s2-num\">2<\/div>\n\n\n\n<div class=\"gb-element-s2-content\">\n<h4 class=\"gb-text gb-text-s2-title\">Analisamos sua consulta<\/h4>\n\n\n\n<p class=\"gb-text gb-text-s2-desc\">Nossa equipe analisa todas as mensagens e pesquisa sua pergunta, se necess\u00e1rio. Priorizamos a precis\u00e3o e a min\u00facia em cada resposta.<\/p>\n<\/div>\n<\/div>\n\n\n\n<div class=\"gb-element-step-3\">\n<div class=\"gb-element-s3-num\">3<\/div>\n\n\n\n<div class=\"gb-element-s3-content\">\n<h4 class=\"gb-text gb-text-s3-title\">Receba sua resposta<\/h4>\n\n\n\n<p class=\"gb-text gb-text-s3-desc\">Voc\u00ea receber\u00e1 uma resposta detalhada por e-mail dentro de 24 a 48 horas durante os dias \u00fateis. Consultas complexas podem demorar um pouco mais.<\/p>\n<\/div>\n<\/div>\n<\/div>\n<\/div>\n<\/section>\n\n\n\n<section class=\"gb-element-cta-section\">\n<div class=\"gb-element-cta-container\">\n<h2 class=\"gb-text gb-text-cta-h2\">Saiba mais sobre o Bilderberg<\/h2>\n\n\n\n<p class=\"gb-text gb-text-cta-desc\">Enquanto aguarda nossa resposta, explore nossos recursos abrangentes sobre o <a href=\"https:\/\/bilderberg.club\/pt\/\" style=\"color:var(--accent)\">Grupo Bilderberg<\/a>. Descubra o <a href=\"https:\/\/bilderberg.club\/pt\/historia-de-bilderberg\/\" style=\"color:var(--accent)\">hist\u00f3rico completo<\/a>, navegue <a href=\"https:\/\/bilderberg.club\/pt\/reunioes\/\" style=\"color:var(--accent)\">arquivos de reuni\u00f5es<\/a>, ou saiba mais sobre <a href=\"https:\/\/bilderberg.club\/pt\/membros\/\" style=\"color:var(--accent)\">participantes not\u00e1veis<\/a>.<\/p>\n\n\n\n<div class=\"gb-element-cta-buttons\">\n<a class=\"gb-text gb-text-cta-btn-1\" href=\"https:\/\/bilderberg.club\/pt\/\">P\u00e1gina inicial do Bilderberg<\/a>\n\n\n\n<a class=\"gb-text gb-text-cta-btn-2\" href=\"https:\/\/bilderberg.club\/pt\/perguntas-frequentes\/\">Procurar FAQ<\/a>\n\n\n\n<a class=\"gb-text gb-text-cta-btn-3\" href=\"https:\/\/bilderberg.club\/pt\/o-que-e-bilderberg\/\">O que \u00e9 Bilderberg?<\/a>\n<\/div>\n<\/div>\n<\/section>","protected":false},"excerpt":{"rendered":"<p> ... <a title=\"Contato\" class=\"read-more\" href=\"https:\/\/bilderberg.club\/pt\/contact\/\" aria-label=\"Read more about Contact\">Leia mais<\/a><\/p>","protected":false},"author":1,"featured_media":0,"parent":0,"menu_order":0,"comment_status":"closed","ping_status":"closed","template":"","meta":{"footnotes":""},"class_list":["post-2081","page","type-page","status-publish"],"yoast_head":"<!-- This site is optimized with the Yoast SEO plugin v27.4 - https:\/\/yoast.com\/product\/yoast-seo-wordpress\/ -->\n<title>Contact<\/title>\n<meta name=\"robots\" content=\"index, follow, max-snippet:-1, max-image-preview:large, max-video-preview:-1\" \/>\n<link rel=\"canonical\" href=\"https:\/\/bilderberg.club\/pt\/contato\/\" \/>\n<meta property=\"og:locale\" content=\"pt_BR\" \/>\n<meta property=\"og:type\" content=\"article\" \/>\n<meta property=\"og:title\" content=\"Contact\" \/>\n<meta property=\"og:description\" content=\"... Read More\" \/>\n<meta property=\"og:url\" content=\"https:\/\/bilderberg.club\/pt\/contato\/\" \/>\n<meta property=\"og:site_name\" content=\"Bilderberg.club\" \/>\n<meta property=\"article:modified_time\" content=\"2026-01-08T10:53:19+00:00\" \/>\n<meta name=\"twitter:card\" content=\"summary_large_image\" \/>\n<meta name=\"twitter:label1\" content=\"Est. tempo de leitura\" \/>\n\t<meta name=\"twitter:data1\" content=\"2 minutos\" \/>\n<script type=\"application\/ld+json\" class=\"yoast-schema-graph\">{\"@context\":\"https:\\\/\\\/schema.org\",\"@graph\":[{\"@type\":\"WebPage\",\"@id\":\"https:\\\/\\\/bilderberg.club\\\/contact\\\/\",\"url\":\"https:\\\/\\\/bilderberg.club\\\/contact\\\/\",\"name\":\"Contact\",\"isPartOf\":{\"@id\":\"https:\\\/\\\/bilderberg.club\\\/#website\"},\"datePublished\":\"2020-08-05T21:08:55+00:00\",\"dateModified\":\"2026-01-08T10:53:19+00:00\",\"breadcrumb\":{\"@id\":\"https:\\\/\\\/bilderberg.club\\\/contact\\\/#breadcrumb\"},\"inLanguage\":\"pt-BR\",\"potentialAction\":[{\"@type\":\"ReadAction\",\"target\":[\"https:\\\/\\\/bilderberg.club\\\/contact\\\/\"]}]},{\"@type\":\"BreadcrumbList\",\"@id\":\"https:\\\/\\\/bilderberg.club\\\/contact\\\/#breadcrumb\",\"itemListElement\":[{\"@type\":\"ListItem\",\"position\":1,\"name\":\"Home\",\"item\":\"https:\\\/\\\/bilderberg.club\\\/\"},{\"@type\":\"ListItem\",\"position\":2,\"name\":\"Contact\"}]},{\"@type\":\"WebSite\",\"@id\":\"https:\\\/\\\/bilderberg.club\\\/#website\",\"url\":\"https:\\\/\\\/bilderberg.club\\\/\",\"name\":\"Bilderberg.club\",\"description\":\"\",\"publisher\":{\"@id\":\"https:\\\/\\\/bilderberg.club\\\/#organization\"},\"potentialAction\":[{\"@type\":\"SearchAction\",\"target\":{\"@type\":\"EntryPoint\",\"urlTemplate\":\"https:\\\/\\\/bilderberg.club\\\/?s={search_term_string}\"},\"query-input\":{\"@type\":\"PropertyValueSpecification\",\"valueRequired\":true,\"valueName\":\"search_term_string\"}}],\"inLanguage\":\"pt-BR\"},{\"@type\":\"Organization\",\"@id\":\"https:\\\/\\\/bilderberg.club\\\/#organization\",\"name\":\"Bilderberg.club\",\"url\":\"https:\\\/\\\/bilderberg.club\\\/\",\"logo\":{\"@type\":\"ImageObject\",\"inLanguage\":\"pt-BR\",\"@id\":\"https:\\\/\\\/bilderberg.club\\\/#\\\/schema\\\/logo\\\/image\\\/\",\"url\":\"https:\\\/\\\/bilderberg.club\\\/wp-content\\\/uploads\\\/2026\\\/01\\\/cropped-Logo-3.png\",\"contentUrl\":\"https:\\\/\\\/bilderberg.club\\\/wp-content\\\/uploads\\\/2026\\\/01\\\/cropped-Logo-3.png\",\"width\":1278,\"height\":345,\"caption\":\"Bilderberg.club\"},\"image\":{\"@id\":\"https:\\\/\\\/bilderberg.club\\\/#\\\/schema\\\/logo\\\/image\\\/\"}}]}<\/script>\n<!-- \/ Yoast SEO plugin. -->","yoast_head_json":{"title":"Contato","robots":{"index":"index","follow":"follow","max-snippet":"max-snippet:-1","max-image-preview":"max-image-preview:large","max-video-preview":"max-video-preview:-1"},"canonical":"https:\/\/bilderberg.club\/pt\/contato\/","og_locale":"pt_BR","og_type":"article","og_title":"Contact","og_description":"... Read More","og_url":"https:\/\/bilderberg.club\/pt\/contato\/","og_site_name":"Bilderberg.club","article_modified_time":"2026-01-08T10:53:19+00:00","twitter_card":"summary_large_image","twitter_misc":{"Est. tempo de leitura":"2 minutos"},"schema":{"@context":"https:\/\/schema.org","@graph":[{"@type":"WebPage","@id":"https:\/\/bilderberg.club\/contact\/","url":"https:\/\/bilderberg.club\/contact\/","name":"Contato","isPartOf":{"@id":"https:\/\/bilderberg.club\/#website"},"datePublished":"2020-08-05T21:08:55+00:00","dateModified":"2026-01-08T10:53:19+00:00","breadcrumb":{"@id":"https:\/\/bilderberg.club\/contact\/#breadcrumb"},"inLanguage":"pt-BR","potentialAction":[{"@type":"ReadAction","target":["https:\/\/bilderberg.club\/contact\/"]}]},{"@type":"BreadcrumbList","@id":"https:\/\/bilderberg.club\/contact\/#breadcrumb","itemListElement":[{"@type":"ListItem","position":1,"name":"Home","item":"https:\/\/bilderberg.club\/"},{"@type":"ListItem","position":2,"name":"Contact"}]},{"@type":"WebSite","@id":"https:\/\/bilderberg.club\/#website","url":"https:\/\/bilderberg.club\/","name":"Bilderberg.club","description":"","publisher":{"@id":"https:\/\/bilderberg.club\/#organization"},"potentialAction":[{"@type":"SearchAction","target":{"@type":"EntryPoint","urlTemplate":"https:\/\/bilderberg.club\/?s={search_term_string}"},"query-input":{"@type":"PropertyValueSpecification","valueRequired":true,"valueName":"search_term_string"}}],"inLanguage":"pt-BR"},{"@type":"Organization","@id":"https:\/\/bilderberg.club\/#organization","name":"Bilderberg.club","url":"https:\/\/bilderberg.club\/","logo":{"@type":"ImageObject","inLanguage":"pt-BR","@id":"https:\/\/bilderberg.club\/#\/schema\/logo\/image\/","url":"https:\/\/bilderberg.club\/wp-content\/uploads\/2026\/01\/cropped-Logo-3.png","contentUrl":"https:\/\/bilderberg.club\/wp-content\/uploads\/2026\/01\/cropped-Logo-3.png","width":1278,"height":345,"caption":"Bilderberg.club"},"image":{"@id":"https:\/\/bilderberg.club\/#\/schema\/logo\/image\/"}}]}},"_links":{"self":[{"href":"https:\/\/bilderberg.club\/pt\/wp-json\/wp\/v2\/pages\/2081","targetHints":{"allow":["GET"]}}],"collection":[{"href":"https:\/\/bilderberg.club\/pt\/wp-json\/wp\/v2\/pages"}],"about":[{"href":"https:\/\/bilderberg.club\/pt\/wp-json\/wp\/v2\/types\/page"}],"author":[{"embeddable":true,"href":"https:\/\/bilderberg.club\/pt\/wp-json\/wp\/v2\/users\/1"}],"replies":[{"embeddable":true,"href":"https:\/\/bilderberg.club\/pt\/wp-json\/wp\/v2\/comments?post=2081"}],"version-history":[{"count":0,"href":"https:\/\/bilderberg.club\/pt\/wp-json\/wp\/v2\/pages\/2081\/revisions"}],"wp:attachment":[{"href":"https:\/\/bilderberg.club\/pt\/wp-json\/wp\/v2\/media?parent=2081"}],"curies":[{"name":"wp","href":"https:\/\/api.w.org\/{rel}","templated":true}]}}